{"id":16012,"date":"2023-01-14T23:00:20","date_gmt":"2023-01-14T20:00:20","guid":{"rendered":"https:\/\/www.serhatmuh.com.tr\/iletisim\/"},"modified":"2023-10-04T09:18:43","modified_gmt":"2023-10-04T09:18:43","slug":"contact","status":"publish","type":"page","link":"https:\/\/serhatmuh.com.tr\/en\/contact\/","title":{"rendered":"Contact"},"content":{"rendered":"<section class=\"l-section wpb_row us_custom_ea9e9477 has_text_color height_huge full_height valign_center\"><div class=\"l-section-overlay\" style=\"background:linear-gradient(192deg,rgba(107,108,110,0.77490234375),#000000)\"><\/div><div class=\"l-section-h i-cf\"><div class=\"g-cols vc_row via_grid cols_1 laptops-cols_inherit tablets-cols_inherit mobiles-cols_1 valign_top type_default stacking_default\"><div class=\"wpb_column vc_column_container\"><div class=\"vc_column-inner\"><div class=\"g-cols wpb_row via_grid cols_2 laptops-cols_inherit tablets-cols_inherit mobiles-cols_1 valign_top type_default stacking_default\"><div class=\"wpb_column vc_column_container us_custom_eb849559\"><div class=\"vc_column-inner\"><h2 class=\"w-text us_custom_1c7e8123\"><span class=\"w-text-h\"><span class=\"w-text-value\">MERKEZ<\/span><\/span><\/h2><div class=\"wpb_text_column\"><div class=\"wpb_wrapper\"><p>Esentepe Mah. Gaziosmanpa\u015fa Cad. No:43-45\/A<br \/>\nEy\u00fcpsultan\/\u0130stanbul<br \/>\nTel: +90 212 625 30 04<\/p>\n<p>info@serhatmuh.com.tr<\/p>\n<\/div><\/div><div class=\"w-separator size_small\"><\/div><div class=\"w-btn-wrapper align_none\"><a class=\"w-btn us-btn-style_1 icon_atleft\" target=\"_blank\" rel=\"nofollow\" href=\"https:\/\/maps.app.goo.gl\/HezLCRWuLeAxjY7MA\"><i class=\"fas fa-map\"><\/i><span class=\"w-btn-label\">MAPS<\/span><\/a><\/div><\/div><\/div><div class=\"wpb_column vc_column_container us_custom_eb849559\"><div class=\"vc_column-inner\"><h2 class=\"w-text us_custom_1c7e8123\"><span class=\"w-text-h\"><span class=\"w-text-value\">G\u00d6KT\u00dcRK MEKAN\u0130K<\/span><\/span><\/h2><div class=\"wpb_text_column\"><div class=\"wpb_wrapper\"><p>G\u00f6kt\u00fcrk Merkez Mah. G\u00f6kt\u00fcrk Cad. No:55\/A<br \/>\nEy\u00fcpsultan\/\u0130stanbul<br \/>\nTel: +90 212 322 38 18<\/p>\n<p>info@serhatmuh.com.tr<\/p>\n<\/div><\/div><div class=\"w-separator size_small\"><\/div><div class=\"w-btn-wrapper align_none\"><a class=\"w-btn us-btn-style_1 icon_atleft\" target=\"_blank\" rel=\"nofollow\" href=\"https:\/\/maps.app.goo.gl\/55P6MgA1TKyQGnW89\"><i class=\"fas fa-map\"><\/i><span class=\"w-btn-label\">MAPS<\/span><\/a><\/div><\/div><\/div><\/div><\/div><\/div><\/div><\/div><\/section>\n","protected":false},"excerpt":{"rendered":"MERKEZEsentepe Mah. Gaziosmanpa\u015fa Cad. No:43-45\/A Ey\u00fcpsultan\/\u0130stanbul Tel: +90 212 625 30 04 info@serhatmuh.com.tr MAPSG\u00d6KT\u00dcRK MEKAN\u0130KG\u00f6kt\u00fcrk Merkez Mah. G\u00f6kt\u00fcrk Cad. No:55\/A Ey\u00fcpsultan\/\u0130stanbul Tel: +90 212 322 38 18 info@serhatmuh.com.tr MAPS","protected":false},"author":1,"featured_media":0,"parent":0,"menu_order":0,"comment_status":"closed","ping_status":"closed","template":"","meta":{"footnotes":""},"class_list":["post-16012","page","type-page","status-publish","hentry"],"acf":[],"_links":{"self":[{"href":"https:\/\/serhatmuh.com.tr\/en\/wp-json\/wp\/v2\/pages\/16012","targetHints":{"allow":["GET"]}}],"collection":[{"href":"https:\/\/serhatmuh.com.tr\/en\/wp-json\/wp\/v2\/pages"}],"about":[{"href":"https:\/\/serhatmuh.com.tr\/en\/wp-json\/wp\/v2\/types\/page"}],"author":[{"embeddable":true,"href":"https:\/\/serhatmuh.com.tr\/en\/wp-json\/wp\/v2\/users\/1"}],"replies":[{"embeddable":true,"href":"https:\/\/serhatmuh.com.tr\/en\/wp-json\/wp\/v2\/comments?post=16012"}],"version-history":[{"count":1,"href":"https:\/\/serhatmuh.com.tr\/en\/wp-json\/wp\/v2\/pages\/16012\/revisions"}],"predecessor-version":[{"id":16013,"href":"https:\/\/serhatmuh.com.tr\/en\/wp-json\/wp\/v2\/pages\/16012\/revisions\/16013"}],"wp:attachment":[{"href":"https:\/\/serhatmuh.com.tr\/en\/wp-json\/wp\/v2\/media?parent=16012"}],"curies":[{"name":"wp","href":"https:\/\/api.w.org\/{rel}","templated":true}]}}